{"id":435,"date":"2020-09-14T10:23:41","date_gmt":"2020-09-14T08:23:41","guid":{"rendered":"https:\/\/pablotoral.com\/?page_id=435"},"modified":"2020-09-16T09:37:29","modified_gmt":"2020-09-16T07:37:29","slug":"politica-de-privadesa","status":"publish","type":"page","link":"https:\/\/pablotoral.com\/ca\/politica-de-privadesa\/","title":{"rendered":"Pol\u00edtica de privadesa"},"content":{"rendered":"\n<div class=\"wp-block-group max-width\"><div class=\"wp-block-group__inner-container is-layout-flow wp-block-group-is-layout-flow\">\n<h1 class=\"wp-block-heading\">Pol\u00edtica de privadesa<\/h1>\n\n\n\n<p><strong>RESPONSABLE DEL TRACTAMENT<\/strong><\/p>\n\n\n\n<p><strong>Identitat: <\/strong>Pablo Toral Rodr\u00edguez&nbsp; (tamb\u00e9 el prestador)<\/p>\n\n\n\n<p><strong>NIF:<\/strong> 41508177P<\/p>\n\n\n\n<p><strong>Adre\u00e7a postal:<\/strong> Ronda Alfons X el Savi 27b 7e 2a 08304 Matar\u00f3<\/p>\n\n\n\n<p><strong>Correu electr\u00f2nic:<\/strong> &nbsp;<a class=\"\" href=\"mailto:osteopatia@pablotoral.com\">osteopatia@pablotoral.com<\/a><\/p>\n\n\n\n<p><strong>Pablo Toral Rodr\u00edguez<\/strong>, com a responsable del Lloc web, de conformitat amb el que disposa el Reglament (UE) 2016\/679 de 27 d\u2019abril de 2016 (RGPD), la Llei Org\u00e0nica 3\/2018 de 5 de desembre (LOPDGDD) i dem\u00e9s normativa legal vigent en mat\u00e8ria de protecci\u00f3 de dades personals, i per la Llei 34\/2002, d\u201911 de juliol, de Serveis de la Societat de la Informaci\u00f3 i del Comer\u00e7 Electr\u00f2nic (LSSICE), l\u2019informa que t\u00e9 implementades les mesures de seguretat necess\u00e0ries, d\u2019\u00edndole t\u00e8cnica i organitzatives, per garantir i protegir la confidencialitat, integritat i disponibilitat de les dades introdu\u00efdes.<\/p>\n\n\n\n<p><strong>FINALITAT DEL TRACTAMENT<\/strong><\/p>\n\n\n\n<p>Les seves dades personals nom\u00e9s s\u2019utilitzaran per a les seg\u00fcents finalitats:<\/p>\n\n\n\n<p>\u2013 Realitzar les gestions comercials i administratives necess\u00e0ries amb els usuaris de la web;<\/p>\n\n\n\n<p>\u2013 Remetre les comunicacions comercials publicit\u00e0ries per email, fax, SMS, MMS, comunitats socials o qualsevol altre mitj\u00e0 electr\u00f2nic o f\u00edsic, en cas que l\u2019Usuari hagi consentit expressament a l\u2019enviament de comunicacions comercials per via electr\u00f2nica mitjan\u00e7ant la subscripci\u00f3 de la NEWSLETTER;<\/p>\n\n\n\n<p>\u2013 Respondre a les consultes i\/o proporcionar informacions requerides per l\u2019Usuari;<\/p>\n\n\n\n<p>\u2013 Realitzar les prestacions de serveis i\/o productes contractats o subscrits per l\u2019Usuari<\/p>\n\n\n\n<p>\u2013 Utilitzar les seves dades per contactar-li, tant per via electr\u00f2nica com no electr\u00f2nica, per obtenir la seva opini\u00f3 sobre el servei prestat i,<\/p>\n\n\n\n<p>\u2013 Notificar-li canvis, desenvolupaments importants de la pol\u00edtica de privacitat, av\u00eds legal o pol\u00edtica de cookies.<\/p>\n\n\n\n<p>\u2013 Es realitzaran an\u00e0lisi de perfils i d\u2019usabilitat.<\/p>\n\n\n\n<p>\u2013 Les dades de clients i\/o prove\u00efdors seran tractats, dins de la relaci\u00f3 contractual que els vincula amb el responsable, en compliment de les obligacions administratives, fiscals, comptables i laborables que siguin necess\u00e0ries en virtut de la legislaci\u00f3 vigent.<\/p>\n\n\n\n<p>Pot revocar a qualsevol moment el seu consentiment remetent un escrit amb l\u2019assumpte \u201cBaixa\u201d a <a class=\"\" href=\"mailto:osteopatia@pablotoral.com\">osteopatia@pablotoral.com<\/a>.<\/p>\n\n\n\n<p>D\u2019acord amb la LSSICE, Pablo Toral Rodr\u00edguez no realitza pr\u00e0ctiques de SPAM, per tant, no envia correus comercials per e-mail que no hagin estat pr\u00e8viament sol\u00b7licitats o autoritzats per l\u2019Usuari. En conseq\u00fc\u00e8ncia, en totes les comunicacions que rebr\u00e0 del prestador, l\u2019usuari t\u00e9 la possibilitat de cancel\u00b7lar el seu consentiment expr\u00e9s per rebre les nostres comunicacions. No tractarem les seves dades personals per a cap altra finalitat de les descrites llevat per obligaci\u00f3 legal o requeriment judicial.<\/p>\n\n\n\n<p><strong>LEGITIMACI\u00d3 DEL TRACTAMENT<\/strong><\/p>\n\n\n\n<p>La base legal per al tractament de les dades \u00e9s el seu consentiment atorgat per dur a terme les finalitats anteriorment descrites, que se sol\u00b7licitar\u00e0 al moment de marcat de la casella corresponent a l\u2019hora de recollir les seves dades.<\/p>\n\n\n\n<p>El no facilitar les dades personals sol\u00b7licitades o el no acceptar la present pol\u00edtica de protecci\u00f3 de dades suposa la impossibilitat de subscriure\u2019s, registrar-se o rebre informaci\u00f3 dels productes i serveis del Prestador.<\/p>\n\n\n\n<p>En els casos en qu\u00e8 existeixi una pr\u00e8via relaci\u00f3 contractual entre les parts, la legitimaci\u00f3 per al desenvolupament de les obligacions administratives, fiscals, comptables i laborals que siguin necess\u00e0ries en virtut de la legislaci\u00f3 vigent ser\u00e0 l\u2019exist\u00e8ncia pr\u00e8via de la relaci\u00f3 comercial establerta entre les parts.<\/p>\n\n\n\n<p><strong>DESTINATARIS DE CESSIONS O TRANSFER\u00c8NCIES<\/strong><\/p>\n\n\n\n<p>Pablo Toral Rodr\u00edguez no duu a terme cap cessi\u00f3 o comunicaci\u00f3 de dades tret que existeixi necessitat raonable per complir amb un procediment judicial, obligaci\u00f3 legal o pr\u00e8via obtenci\u00f3 del consentiment de l\u2019usuari.<\/p>\n\n\n\n<p>Tampoc es realitzaran transfer\u00e8ncies internacionals de les seves dades de car\u00e0cter personal sense el seu consentiment previ sense perjudici de poder bloquejar o cancel\u00b7lar el seu compte si pot haver-hi indicis de la comissi\u00f3 d\u2019algun delicte per part de l\u2019usuari. La informaci\u00f3 facilitada ser\u00e0 solament la que disposi en aquest moment el prestador.<\/p>\n\n\n\n<p>Pablo Toral Rodr\u00edguez no cedir\u00e0 les dades recollides a tercers tret que existeixi necessitat raonable per complir amb un procediment judicial, obligaci\u00f3 legal o pr\u00e8via obtenci\u00f3 del consentiment de l\u2019usuari. La informaci\u00f3 que vost\u00e8 ens proporcioni tant a trav\u00e9s d\u2019aquest lloc web com a trav\u00e9s de l\u2019aplicaci\u00f3 ser\u00e0 allotjada en els servidors de Pablo Toral Rodr\u00edguez, contractats a l\u2019empresa 1&amp;1 Internet Espa\u00f1a S.L.U. (d\u2019ara endavant, 1&amp;1) amb NIF B85049435 i domicili fiscal situat en Avenida de La Vega, 1 \u2013 Edificio Veganova (Edif.3 planta 5\u00ba puerta C), 28108, Alcobendas (Madrid), Espa\u00f1a, Inscrita en el Registro Mercantil de Madrid, El tractament de les dades d\u2019aquesta entitat es troba regulat mitjan\u00e7ant un contracte d\u2019encarregat del tractament entre el prestador i aquesta empresa. En cap cas aquest encarregat del tractament subcontractar\u00e0 serveis que comportin algun tractament de dades per tercers sense el nostre previ consentiment.<\/p>\n\n\n\n<p><strong>COMUNICACIONS<\/strong><\/p>\n\n\n\n<p>Qualsevol comunicaci\u00f3 remesa quedar\u00e0 incorporada als sistemes d\u2019informaci\u00f3 de Pablo Toral Rodr\u00edguez En acceptar les presents condicions, termes i pol\u00edtiques, l\u2019Usuari consent expressament al fet que Pablo Toral Rodr\u00edguez realitzi les seg\u00fcents activitats i\/o accions, tret que l\u2019Usuari indiqui el contrari:<\/p>\n\n\n\n<p>\u2022 L\u2019enviament de comunicacions comercials i\/o promocionals per qualsevol mitj\u00e0 habilitat informant els Usuaris de les activitats, serveis, promocions, publicitat, not\u00edcies, ofertes i altra informaci\u00f3 sobre els serveis i productes relacionats amb l\u2019activitat.<\/p>\n\n\n\n<p>\u2022 En cas que l\u2019Usuari hagi consentit expressament a l\u2019enviament de comunicacions comercials per via electr\u00f2nica mitjan\u00e7ant la subscripci\u00f3 de la NEWSLETTER, l\u2019enviament d\u2019aquestes comunicacions per mitjans electr\u00f2nics informant els Usuaris de les activitats, serveis, promocions, publicitat, not\u00edcies, ofertes i altra informaci\u00f3 sobre els serveis i productes de Pablo Toral Rodr\u00edguez iguals o similars als quals van anar inicialment objecte de contractaci\u00f3 o d\u2019inter\u00e8s per l\u2019Usuari.<\/p>\n\n\n\n<p>\u2022 La conservaci\u00f3 de les dades durant els terminis previstos en les disposicions aplicables.<\/p>\n\n\n\n<p><strong>DRETS DE LES PERSONES INTERESSADES<\/strong><\/p>\n\n\n\n<p>Com a usuari-interessat, pot sol\u00b7licitar l\u2019exercici dels seg\u00fcents drets davant Pablo Toral Rodr\u00edguez presentant un escrit a l\u2019adre\u00e7a postal de l\u2019encap\u00e7alament o enviant un correu electr\u00f2nic a <a class=\"\" href=\"mailto:osteopatia@pablotoral.com\">osteopatia@pablotoral.com<\/a>, indicant com a Assumpte: \u201cPROTECCI\u00d3 DE DADES: DRETS AFECTATS\u201d, i adjuntant fotoc\u00f2pia del seu DNI o qualsevol mitj\u00e0 an\u00e0leg en dret, tal com indica la llei.<\/p>\n\n\n\n<p><strong>Drets:<\/strong><\/p>\n\n\n\n<p>\u2022 <strong>Dret d\u2019acc\u00e9s:<\/strong> permet a l\u2019interessat con\u00e8ixer i obtenir informaci\u00f3 sobre les seves dades de car\u00e0cter personal sotmesos a tractament.<\/p>\n\n\n\n<p>\u2022 <strong>Dret de rectificaci\u00f3 o supressi\u00f3:<\/strong> permet corregir errors i modificar les dades que resultin ser inexactes o incomplets.<\/p>\n\n\n\n<p>\u2022 <strong>Dret de cancel\u00b7laci\u00f3:<\/strong> permet que se suprimeixin les dades que resultin ser inadequats o excessius.<\/p>\n\n\n\n<p>\u2022 <strong>Dret d\u2019oposici\u00f3:<\/strong> dret de l\u2019interessat al fet que no es dugui a terme el tractament de les seves dades de car\u00e0cter personal o se cessi en el mateix.<\/p>\n\n\n\n<p>\u2022 <strong>Limitaci\u00f3 del tractament:<\/strong> comporta el marcat de les dades personals conservades, amb la finalitat de limitar el seu futur tractament.<\/p>\n\n\n\n<p>\u2022 <strong>Portabilitat de les dades:<\/strong> facilitaci\u00f3 de les dades objecto de tractament a l\u2019interessat, a fi que aquest pugui transmetre\u2019ls a un altre responsable, sense impediments.<\/p>\n\n\n\n<p>\u2022 <strong>Dret a no ser objecte de decisions individuals automatitzades (inclosa l\u2019elaboraci\u00f3 de perfils):<\/strong> dret a no ser objecte d\u2019una decisi\u00f3 basada en el tractament automatitzat que produeixi efectes o afecti significativament.<\/p>\n\n\n\n<p>Com a usuari, t\u00e9 dret a retirar el consentiment prestat a qualsevol moment. La retirada del consentiment no afectar\u00e0 la licitud del tractament efectuat abans de la retirada del consentiment.<\/p>\n\n\n\n<p>Tamb\u00e9 t\u00e9 dret a presentar una reclamaci\u00f3 davant l\u2019autoritat de control si considera que poden haver-se vist vulnerats els seus drets en relaci\u00f3 amb la protecci\u00f3 de les seves dades (agpd.es).<\/p>\n\n\n\n<p><strong>CONSERVACI\u00d3 DE LES SEVES DADES<\/strong><\/p>\n\n\n\n<p>Les seves dades es conservaran mentre duri la relaci\u00f3 comercial amb nosaltres o exerciti el seu dret de cancel\u00b7laci\u00f3 o oposici\u00f3, o limitaci\u00f3 al tractament. No obstant aix\u00f2, conservarem determinats dades personals identificatives i del tr\u00e0fic durant el termini m\u00e0xim de 2 anys per al cas que fos requerit pels Jutges i Tribunals o per incoar accions internes derivades de l\u2019\u00fas indegut de la p\u00e0gina web.<\/p>\n\n\n\n<p>No ser\u00e0 objecte de decisions basades en tractaments automatitzats que produeixin efectes sobre les seves dades.<\/p>\n\n\n\n<p><strong>INFORMACI\u00d3 ADDICIONAL<\/strong><\/p>\n\n\n\n<p><strong>INFORMACI\u00d3 QUE RECAPTEM:<\/strong><\/p>\n\n\n\n<p>Les dades recollides per part del responsable s\u00f3n els seg\u00fcents:<\/p>\n\n\n\n<p>\u2013 Aquells que els usuaris subministrin a trav\u00e9s dels diferents serveis oferts a la p\u00e0gina web<\/p>\n\n\n\n<p>\u2013 Aquells inclosos en els diferents formularis previstos a la p\u00e0gina web<\/p>\n\n\n\n<p>\u2013 Dades recollides a trav\u00e9s de les \u201ccookies\u201d per a la millora de l\u2019experi\u00e8ncia de la navegaci\u00f3 segons s\u2019informa en la pol\u00edtica de cookies.<\/p>\n\n\n\n<p>La negativa a subministrar les dades obligat\u00f2ries suposar\u00e0 la impossibilitat d\u2019atendre la concreta sol\u00b7licitud que es tracti. Vost\u00e8 manifesta que la informaci\u00f3 i les dades que ens facilita s\u00f3n exactes, actuals i veraces. Li preguem que en cas de modificaci\u00f3, comuniqui immediatament la mateixa a fi que la informaci\u00f3 en tractament estigui a tot moment actualitzada i no contingui errors. Si contracta el servei\/compra el producte mitjan\u00e7ant la nostra p\u00e0gina web https:\/\/pablotoral.com\/ li sol\u00b7licitarem que ens proporcioni informaci\u00f3 sobre vost\u00e8, inclosos el seu nom, dades de contacte i informaci\u00f3 sobre una targeta de cr\u00e8dit o de d\u00e8bit.<\/p>\n\n\n\n<p>A trav\u00e9s d\u2019aquesta Pol\u00edtica de Privacitat l\u2019informem que les fotografies que estiguin penjades a la web s\u00f3n propietat de Pablo Toral Rodr\u00edguez, incloent-hi les dels menors, en les quals, per a l\u2019obtenci\u00f3 d\u2019aquestes, s\u2019ha obtingut el consentiment previ dels pares, tutors o representants legals mitjan\u00e7ant la signatura dels formularis realitzats a aquest efecte pels centres en els quals els menors formen part. No obstant aix\u00f2, els pares, tutors o representants dels menors, com a titulars de l\u2019exercici dels drets d\u2019aquests, i sempre previ requeriment formal per escrit, poden indicar la negativa a l\u2019\u00fas de la imatge del menor; en aquest cas, la imatge es mostrar\u00e0 #pixelat.<\/p>\n\n\n\n<p><strong>XARXES SOCIALS<\/strong><\/p>\n\n\n\n<p>L\u2019informem que Pablo Toral Rodr\u00edguez pot tenir pres\u00e8ncia en xarxes socials. El tractament de les dades que es dugui a terme de les persones que es facin seguidores a les xarxes socials (i\/o realitzin qualsevol vincle o acci\u00f3 de connexi\u00f3 a trav\u00e9s de les xarxes socials) de les p\u00e0gines oficials de Pablo Toral Rodr\u00edguez es regir\u00e0 per aquest apartat, aix\u00ed com per aquelles condicions d\u2019\u00fas, pol\u00edtiques de privacitat i normatives d\u2019acc\u00e9s que pertanyin a la xarxa social que procedeixi en cada cas i acceptades pr\u00e8viament per l\u2019usuari.<\/p>\n\n\n\n<p>Pablo Toral Rodr\u00edguez tractar\u00e0 les seves dades amb les finalitats d\u2019administrar correctament la seva pres\u00e8ncia a la xarxa social, informant-li d\u2019activitats, productes o serveis del prestador, aix\u00ed com per a qualsevol altra finalitat que les normatives de les Xarxes Socials permetin. Queda prohibida la publicaci\u00f3 de continguts:<\/p>\n\n\n\n<p>\u2013 Que siguin presumptament il\u00b7l\u00edcits per la normativa nacional, comunit\u00e0ria o internacional o que realitzin activitats presumptament il\u00b7l\u00edcites o contravinguin els principis de la bona fe.<\/p>\n\n\n\n<p>\u2013 Que atemptin contra els drets fonamentals de les persones, faltin a la cortesia a la xarxa, molestin o puguin generar opinions negatives en els nostres usuaris o tercers i en general qualssevol siguin els continguts que Pablo Toral Rodr\u00edguez consideri inadequats.<\/p>\n\n\n\n<p>\u2013 I en general que contravinguin els principis de legalitat, responsabilitat, protecci\u00f3 de la dignitat humana, protecci\u00f3 de menors, protecci\u00f3 de l\u2019ordre p\u00fablic, la protecci\u00f3 de la vida privada, la protecci\u00f3 del consumidor i els drets de propietat intel\u00b7lectual i industrial.<\/p>\n\n\n\n<p>Aix\u00ed mateix, Pablo Toral Rodr\u00edguez es reserva la potestat de retirar, sense previ av\u00eds del lloc web o de la xarxa social corporativa aquells continguts que es considerin inadequats.<\/p>\n\n\n\n<p>Les comunicacions remeses a trav\u00e9s de les xarxes socials seran incorporades a un arxiu propietat de Pablo Toral Rodr\u00edguez, podent-li enviar informaci\u00f3 del seu inter\u00e8s.<\/p>\n\n\n\n<p>Pot accedir a m\u00e9s informaci\u00f3, aix\u00ed com consultar les empreses que formen part de Pablo Toral Rodr\u00edguez, mitjan\u00e7ant el seg\u00fcent enlla\u00e7: www.empresa.com\/politicadeprivacidad.<\/p>\n\n\n\n<p>En tot cas, si V\u00e8. remet informaci\u00f3 personal a trav\u00e9s de la xarxa social, Pablo Toral Rodr\u00edguez quedar\u00e0 exempt de responsabilitat en relaci\u00f3 a les mesures de seguretat aplicables a la present plataforma, devent l\u2019usuari en cas de voler con\u00e8ixer-les, consultar les corresponents condicions particulars de la xarxa en q\u00fcesti\u00f3.<\/p>\n\n\n\n<p><strong>MESURES DE SEGURETAT:<\/strong><\/p>\n\n\n\n<p>Les dades que ens faciliti es tractaran de forma confidencial. El Prestador ha adoptat totes les mesures t\u00e8cniques i organitzatives i tots els nivells de protecci\u00f3 necessaris per garantir la seguretat en el tractament de les dades i evitar la seva alteraci\u00f3, p\u00e8rdua, robatori, tractament o acc\u00e9s no autoritzat, d\u2019acord l\u2019estat de la tecnologia i naturalesa de les dades emmagatzemades. Aix\u00ed mateix, es garanteix tamb\u00e9 que el tractament i registre en fitxers, programes, sistemes o equips, locals i centres compleixen amb els requisits i condicions d\u2019integritat i seguretat establertes en la normativa vigent.<\/p>\n\n\n\n<p><strong>IDIOMA<\/strong><\/p>\n\n\n\n<p>L\u2019idioma aplicable a aquesta Pol\u00edtica de Privacitat \u00e9s el catal\u00e0. Per tant, en cas que hi hagu\u00e9s alguna contradicci\u00f3 en alguna de les versions facilitades en altres idiomes, prevaldr\u00e0 la versi\u00f3 en catal\u00e0.<\/p>\n\n\n\n<p><strong>ENVIAMENT CV<\/strong><\/p>\n\n\n\n<p>En el cas que l\u2019usuari envi\u00ef el seu CV a trav\u00e9s de la nostra web, l\u2019informem que les dades aportades seran tractats per fer-ho part\u00edcip dels processos de selecci\u00f3 que pugui haver-hi, duent a terme una an\u00e0lisi del perfil del sol\u00b7licitant amb l\u2019objectiu de seleccionar el millor candidat per al lloc vacant del Responsable. Ho informem que aquest \u00e9s l\u2019\u00fanic procediment oficial per acceptar el seu curr\u00edculum, de manera que no s\u2019acceptaran els curr\u00edculums remesos per un altre procediment diferent. En cas de produir-se alguna modificaci\u00f3 en les dades, li preguem ens ho comuniqui per escrit el m\u00e9s davant possible, a fi de mantenir les seves dades degudament actualitzades.<\/p>\n\n\n\n<p>Les dades es conservaran durant un termini m\u00e0xim d\u2019un any, transcorregut el qual es procedir\u00e0 a la supressi\u00f3 de les dades garantint-li un total respecte a la confidencialitat tant en el tractament com en la seva posterior destrucci\u00f3. En aquest sentit, transcorregut l\u2019esmentat termini, i si desitja continuar participant en els processos de selecci\u00f3 del Responsable, li preguem ens remeti novament el seu curr\u00edculum.<\/p>\n\n\n\n<p>Les dades es podran tractar i\/o comunicar a les empreses integrants del nostre grup durant el temps de conservaci\u00f3 del seu curr\u00edculum i per a les mateixes finalitats abans informats.<\/p>\n\n\n\n<p><strong>SUBSCRIPCI\u00d3 Al BLOG<\/strong><\/p>\n\n\n\n<p>En el cas que l\u2019usuari se subscrigui al blog, l\u2019informem que les dades aportades seran tractats per gestionar la seva subscripci\u00f3 al blog informatiu amb av\u00eds d\u2019actualitzaci\u00f3 i que es conservaran mentre hi hagi un inter\u00e8s mutu per mantenir la fi del tractament. Quan ja no sigui necessari per a tal fi, se suprimiran amb mesures de seguretat adequades per garantir la seudonimizaci\u00f3 de les dades o destrucci\u00f3 total dels mateixos. No es comunicaran les dades a tercers, excepte obligaci\u00f3 legal.<\/p>\n\n\n\n<p><strong>PARTICIPACI\u00d3 EN F\u00d2RUMS<\/strong><\/p>\n\n\n\n<p>En el cas que l\u2019usuari vulgui participar en els f\u00f2rums de la web, l\u2019informem que les dades aportades seran tractats per regular la participaci\u00f3 en el mateix. Qualsevol registre o transmissi\u00f3 de dades personals que l\u2019usuari d\u2019aquest f\u00f2rum faciliti suposa el coneixement i acceptaci\u00f3 inequ\u00edvoca de l\u2019Av\u00eds Legal i la Pol\u00edtica de Privacitat exposats a la p\u00e0gina web. Les dades es conservaran mentre hi hagi un inter\u00e8s mutu per mantenir la fi del tractament i quan ja no sigui necessari per a tal fi, se suprimiran amb mesures de seguretat adequades per garantir la seudonimitzaci\u00f3 de les dades o destrucci\u00f3 total dels mateixos. Les publicacions es mostraran p\u00fablicament als usuaris del f\u00f2rum online.<\/p>\n\n\n\n<p><strong>PUBLICACI\u00d3 DEL SEU TESTIMONIATGE<\/strong><\/p>\n\n\n\n<p>En el cas que l\u2019usuari vulgui publicar la seva opini\u00f3 a la web, l\u2019informem que les dades aportades seran tractats seran per atendre els suggeriments proposats, experi\u00e8ncies o opinions respecte dels productes i\/o serveis per ser publicades a la p\u00e0gina web i aix\u00ed poder ajudar a altres usuaris. Les dades es conservaran mentre hi hagi un inter\u00e8s mutu per mantenir la fi del tractament i quan ja no sigui necessari per a tal fi, se suprimiran amb mesures de seguretat adequades per garantir la seudonimitzaci\u00f3 de les dades o destrucci\u00f3 total dels mateixos. Els testimonis es publicaran a la nostra p\u00e0gina web. L\u2019\u00fanica dada personal que es publicar\u00e0 del testimoni ser\u00e0 el seu nom.<\/p>\n\n\n\n<p><strong>CANVIS EN LA PRESENT POL\u00cdTICA DE PRIVACITAT<\/strong><\/p>\n\n\n\n<p>Pablo Toral Rodr\u00edguez es reserva el dret a modificar la present pol\u00edtica per adaptar-la a novetats legislatives o jurisprudencials.<\/p>\n\n\n\n<p><strong>LEGISLACI\u00d3<\/strong><\/p>\n\n\n\n<p>Amb car\u00e0cter general les relacions entre Pablo Toral Rodr\u00edguez amb els Usuaris dels seus serveis telem\u00e0tics, presents en aquesta Web, estan sotmesos a la legislaci\u00f3 i jurisdicci\u00f3 espanyola a la qual es sotmeten expressament les parts, essent competents per la resoluci\u00f3 de tots els conflictes derivats o relacionats amb el seu \u00fas els Jutjats i Tribunals de Barcelona.<\/p>\n<\/div><\/div>\n","protected":false},"excerpt":{"rendered":"<p>Pol\u00edtica de privadesa RESPONSABLE DEL TRACTAMENT Identitat: Pablo Toral Rodr\u00edguez&nbsp; (tamb\u00e9 el prestador) NIF: 41508177P Adre\u00e7a [&hellip;]<\/p>\n","protected":false},"author":1,"featured_media":0,"parent":0,"menu_order":0,"comment_status":"closed","ping_status":"closed","template":"","meta":{"inline_featured_image":false,"footnotes":""},"_links":{"self":[{"href":"https:\/\/pablotoral.com\/ca\/wp-json\/wp\/v2\/pages\/435"}],"collection":[{"href":"https:\/\/pablotoral.com\/ca\/wp-json\/wp\/v2\/pages"}],"about":[{"href":"https:\/\/pablotoral.com\/ca\/wp-json\/wp\/v2\/types\/page"}],"author":[{"embeddable":true,"href":"https:\/\/pablotoral.com\/ca\/wp-json\/wp\/v2\/users\/1"}],"replies":[{"embeddable":true,"href":"https:\/\/pablotoral.com\/ca\/wp-json\/wp\/v2\/comments?post=435"}],"version-history":[{"count":3,"href":"https:\/\/pablotoral.com\/ca\/wp-json\/wp\/v2\/pages\/435\/revisions"}],"predecessor-version":[{"id":450,"href":"https:\/\/pablotoral.com\/ca\/wp-json\/wp\/v2\/pages\/435\/revisions\/450"}],"wp:attachment":[{"href":"https:\/\/pablotoral.com\/ca\/wp-json\/wp\/v2\/media?parent=435"}],"curies":[{"name":"wp","href":"https:\/\/api.w.org\/{rel}","templated":true}]}}