{"id":438,"date":"2020-09-14T10:24:52","date_gmt":"2020-09-14T08:24:52","guid":{"rendered":"https:\/\/pablotoral.com\/?page_id=438"},"modified":"2020-09-18T10:28:06","modified_gmt":"2020-09-18T08:28:06","slug":"reserva-cita","status":"publish","type":"page","link":"https:\/\/pablotoral.com\/ca\/reserva-cita\/","title":{"rendered":"Reserva cita"},"content":{"rendered":"\n<div style=\"height:100px\" aria-hidden=\"true\" class=\"wp-block-spacer\"><\/div>\n\n\n\n<div class=\"wp-block-columns max-width contact is-layout-flex wp-container-core-columns-is-layout-1 wp-block-columns-is-layout-flex\">\n<div class=\"wp-block-column contact-info is-layout-flow wp-block-column-is-layout-flow\" style=\"flex-basis:40%\">\n<p>Muralla de Sant Lloren\u00e7 37, 1er<br>08302 Matar\u00f3, Barcelona<\/p>\n\n\n\n<p class=\"has-large-font-size\">610 091 385<\/p>\n\n\n\n<p class=\"has-text-align-left no-margin align-icon button-link contact-page has-small-font-size\"><a rel=\"noreferrer noopener\" href=\"https:\/\/wa.me\/34610091385\" target=\"_blank\"><img loading=\"lazy\" decoding=\"async\" width=\"25\" height=\"25\" class=\"wp-image-324\" style=\"width: 25px;\" src=\"https:\/\/pablotoral.com\/wp-content\/uploads\/2020\/07\/whatsapp.png\" alt=\"\"> Envia&#8217;m un whatsapp<\/a><\/p>\n\n\n\n<div style=\"height:20px\" aria-hidden=\"true\" class=\"wp-block-spacer\"><\/div>\n\n\n\n<div class=\"wp-block-buttons is-layout-flex wp-block-buttons-is-layout-flex\">\n<div class=\"wp-block-button button-link\"><a class=\"wp-block-button__link\" href=\"https:\/\/goo.gl\/maps\/2NxxwTmqU3mxCw9r6\" target=\"_blank\" rel=\"noreferrer noopener\">Google maps<\/a><\/div>\n<\/div>\n<\/div>\n\n\n\n<div class=\"wp-block-column is-layout-flow wp-block-column-is-layout-flow\" style=\"flex-basis:66.66%\">\n<p class=\"has-medium-font-size\">Omple el formulari i ens posarem en contacte amb tu:<\/p>\n\n\n\n<div class=\"wpcf7 no-js\" id=\"wpcf7-f441-o1\" lang=\"ca\" dir=\"ltr\">\n<div class=\"screen-reader-response\"><p role=\"status\" aria-live=\"polite\" aria-atomic=\"true\"><\/p> <ul><\/ul><\/div>\n<form action=\"\/ca\/wp-json\/wp\/v2\/pages\/438#wpcf7-f441-o1\" method=\"post\" class=\"wpcf7-form init\" aria-label=\"Formulari de contacte\" novalidate=\"novalidate\" data-status=\"init\">\n<div style=\"display: none;\">\n<input type=\"hidden\" name=\"_wpcf7\" value=\"441\" \/>\n<input type=\"hidden\" name=\"_wpcf7_version\" value=\"5.9.4\" \/>\n<input type=\"hidden\" name=\"_wpcf7_locale\" value=\"ca\" \/>\n<input type=\"hidden\" name=\"_wpcf7_unit_tag\" value=\"wpcf7-f441-o1\" \/>\n<input type=\"hidden\" name=\"_wpcf7_container_post\" value=\"0\" \/>\n<input type=\"hidden\" name=\"_wpcf7_posted_data_hash\" value=\"\" \/>\n<input type=\"hidden\" name=\"_wpcf7_recaptcha_response\" value=\"\" \/>\n<\/div>\n<p><label>\n\t<input class=\"wpcf7-form-control wpcf7-hidden\" value=\"Reserva de cita web\" type=\"hidden\" name=\"your-subject\" \/><\/label>\n<\/p>\n<div class=\"wp-block-columns\">\n\t<div class=\"wp-block-column\">\n\t\t<p><label> Nom*<br \/>\n<span class=\"wpcf7-form-control-wrap\" data-name=\"your-name\"><input size=\"40\" class=\"wpcf7-form-control wpcf7-text wpcf7-validates-as-required\" aria-required=\"true\" aria-invalid=\"false\" value=\"\" type=\"text\" name=\"your-name\" \/><\/span> <\/label>\n\t\t<\/p>\n\t<\/div>\n\t<div class=\"wp-block-column\">\n\t\t<p><label> Tel\u00e8fon<br \/>\n<span class=\"wpcf7-form-control-wrap\" data-name=\"your-tel\"><input size=\"40\" class=\"wpcf7-form-control wpcf7-text\" aria-invalid=\"false\" value=\"\" type=\"text\" name=\"your-tel\" \/><\/span> <\/label>\n\t\t<\/p>\n\t<\/div>\n<\/div>\n<div class=\"wp-block-columns\">\n\t<div class=\"wp-block-column\">\n\t\t<p><label> E-mail*<br \/>\n<span class=\"wpcf7-form-control-wrap\" data-name=\"your-email\"><input size=\"40\" class=\"wpcf7-form-control wpcf7-email wpcf7-validates-as-required wpcf7-text wpcf7-validates-as-email\" aria-required=\"true\" aria-invalid=\"false\" value=\"\" type=\"email\" name=\"your-email\" \/><\/span> <\/label>\n\t\t<\/p>\n\t<\/div>\n<\/div>\n<div class=\"wp-block-columns\">\n\t<p><label> Missatge<br \/>\n<span class=\"wpcf7-form-control-wrap\" data-name=\"your-message\"><textarea cols=\"40\" rows=\"10\" class=\"wpcf7-form-control wpcf7-textarea\" aria-invalid=\"false\" name=\"your-message\"><\/textarea><\/span> <\/label>\n\t<\/p>\n<\/div>\n<div class=\"wp-block-columns vertical align-items-center\">\n\t<p><p class=\"accept-politcy\"><span class=\"wpcf7-form-control-wrap acceptance-848\"><span class=\"wpcf7-form-control wpcf7-acceptance\"><span class=\"wpcf7-list-item\"><input type=\"checkbox\" name=\"acceptance-848\" value=\"1\" aria-invalid=\"false\"><\/span><\/span><\/span>Accepto la <a rel=\"nofollow\" href=\"https:\/\/pablotoral.com\/ca\/politica-de-privadesa\/\" target=\"_blank\">Pol\u00edtica de privadesa<\/a> <\/p><br \/>\n<input class=\"wpcf7-form-control wpcf7-submit has-spinner\" type=\"submit\" value=\"Envia\" \/>\n\t<\/p>\n<\/div><div class=\"wpcf7-response-output\" aria-hidden=\"true\"><\/div>\n<\/form>\n<\/div>\n\n\n\n\n<p class=\"has-small-font-size\">La comunicaci\u00f3 enviada quedar\u00e0 incorporada a un fitxer del qual \u00e9s responsable Pablo Toral Rodr\u00edguez (41508177P). Aquesta comunicaci\u00f3 s&#8217;utilitzar\u00e0 exclusivament per tractar les seves dades per atendre la seva sol\u00b7licitud, sempre de conformitat amb el Reglament (UE) 2016\/679 de 27 d&#8217;abril de 2016 (RGPD), la Llei Org\u00e0nica 3\/2018 de 5 de desembre (LOPDGDD) i dem\u00e9s normativa legal vigent en mat\u00e8ria de protecci\u00f3 de dades personals sobre protecci\u00f3 de dades. Les seves dades no es comunicaran a tercers, excepte per obligaci\u00f3 legal, i es mantindran mentre no sol\u00b7liciti la seva cancel\u00b7laci\u00f3.<br>En qualsevol moment vost\u00e8 podr\u00e0 exercir els drets d&#8217;acc\u00e9s, rectificaci\u00f3, portabilitat i oposici\u00f3, i, si s&#8217;escau, la limitaci\u00f3 i cancel\u00b7laci\u00f3 , comunicant-ho per escrit, indicant les seves dades personals a <a class=\"\" href=\"mailto:osteopatia@pablotoral.com\">osteopatia@pablotoral.com<\/a>.<\/p>\n<\/div>\n<\/div>\n\n\n\n<div style=\"height:100px\" aria-hidden=\"true\" class=\"wp-block-spacer\"><\/div>\n","protected":false},"excerpt":{"rendered":"<p>Muralla de Sant Lloren\u00e7 37, 1er08302 Matar\u00f3, Barcelona 610 091 385 Envia&#8217;m un whatsapp Omple el [&hellip;]<\/p>\n","protected":false},"author":1,"featured_media":0,"parent":0,"menu_order":0,"comment_status":"closed","ping_status":"closed","template":"","meta":{"inline_featured_image":false,"footnotes":""},"_links":{"self":[{"href":"https:\/\/pablotoral.com\/ca\/wp-json\/wp\/v2\/pages\/438"}],"collection":[{"href":"https:\/\/pablotoral.com\/ca\/wp-json\/wp\/v2\/pages"}],"about":[{"href":"https:\/\/pablotoral.com\/ca\/wp-json\/wp\/v2\/types\/page"}],"author":[{"embeddable":true,"href":"https:\/\/pablotoral.com\/ca\/wp-json\/wp\/v2\/users\/1"}],"replies":[{"embeddable":true,"href":"https:\/\/pablotoral.com\/ca\/wp-json\/wp\/v2\/comments?post=438"}],"version-history":[{"count":5,"href":"https:\/\/pablotoral.com\/ca\/wp-json\/wp\/v2\/pages\/438\/revisions"}],"predecessor-version":[{"id":455,"href":"https:\/\/pablotoral.com\/ca\/wp-json\/wp\/v2\/pages\/438\/revisions\/455"}],"wp:attachment":[{"href":"https:\/\/pablotoral.com\/ca\/wp-json\/wp\/v2\/media?parent=438"}],"curies":[{"name":"wp","href":"https:\/\/api.w.org\/{rel}","templated":true}]}}