{"id":6,"date":"2020-06-12T07:40:16","date_gmt":"2020-06-12T05:40:16","guid":{"rendered":"http:\/\/develop.docbarcelona.com\/tekstila\/?page_id=2"},"modified":"2021-03-29T11:03:13","modified_gmt":"2021-03-29T09:03:13","slug":"inici","status":"publish","type":"page","link":"https:\/\/pablotoral.com\/ca\/","title":{"rendered":"Inici"},"content":{"rendered":"\n<div class=\"wp-block-group page-header\"><div class=\"wp-block-group__inner-container is-layout-flow wp-block-group-is-layout-flow\">\n<div class=\"wp-block-columns are-vertically-aligned-center max-width is-layout-flex wp-container-core-columns-is-layout-1 wp-block-columns-is-layout-flex\">\n<div class=\"wp-block-column is-vertically-aligned-center is-layout-flow wp-block-column-is-layout-flow\">\n<div class=\"wp-block-group appear left\"><div class=\"wp-block-group__inner-container is-layout-flow wp-block-group-is-layout-flow\">\n<h1 class=\"move wp-block-heading\">Osteopatia&nbsp;i&nbsp; quiromassatge<br>a Matar\u00f3<\/h1>\n\n\n\n<p class=\"move\">Titulat en Osteopatia pel <em>Heilpraktiker Institut<\/em> i quiromassatgista amb llarga experi\u00e8ncia en ter\u00e0pies manuals.<\/p>\n\n\n\n<div style=\"height:20px\" aria-hidden=\"true\" class=\"wp-block-spacer\"><\/div>\n\n\n\n<p class=\"button-link move\"><a href=\"http:\/\/pablotoral.com\/contacte\/\">Demanar una cita<\/a><\/p>\n<\/div><\/div>\n<\/div>\n\n\n\n<div class=\"wp-block-column is-vertically-aligned-center is-layout-flow wp-block-column-is-layout-flow\">\n<figure class=\"wp-block-image size-large\"><img loading=\"lazy\" decoding=\"async\" width=\"717\" height=\"1024\" src=\"http:\/\/pablotoral.com\/wp-content\/uploads\/2020\/07\/pablo-2-717x1024.jpg\" alt=\"\" class=\"wp-image-353\" srcset=\"https:\/\/pablotoral.com\/wp-content\/uploads\/2020\/07\/pablo-2-717x1024.jpg 717w, https:\/\/pablotoral.com\/wp-content\/uploads\/2020\/07\/pablo-2-210x300.jpg 210w, https:\/\/pablotoral.com\/wp-content\/uploads\/2020\/07\/pablo-2-768x1097.jpg 768w, https:\/\/pablotoral.com\/wp-content\/uploads\/2020\/07\/pablo-2.jpg 930w\" sizes=\"(max-width: 717px) 100vw, 717px\" \/><\/figure>\n<\/div>\n<\/div>\n\n\n\n<p><\/p>\n<\/div><\/div>\n\n\n\n<div class=\"wp-block-group has-background\" style=\"background-color:#ffffff\"><div class=\"wp-block-group__inner-container is-layout-flow wp-block-group-is-layout-flow\">\n<div style=\"height:50px\" aria-hidden=\"true\" class=\"wp-block-spacer\"><\/div>\n\n\n\n<p class=\"has-text-align-center no-margin has-medium-font-size\">Truca per a m\u00e9s informaci\u00f3 o concertar una cita<\/p>\n\n\n\n<div style=\"height:20px\" aria-hidden=\"true\" class=\"wp-block-spacer\"><\/div>\n\n\n\n<p class=\"has-text-align-center no-margin has-huge-font-size\">610 091 385<\/p>\n\n\n\n<div style=\"height:20px\" aria-hidden=\"true\" class=\"wp-block-spacer\"><\/div>\n\n\n\n<p class=\"has-text-align-center no-margin align-icon button-link has-medium-font-size\"><a rel=\"noreferrer noopener\" href=\"https:\/\/wa.me\/34610091385\" target=\"_blank\">Envia&#8217;m un whatsapp  <img loading=\"lazy\" decoding=\"async\" width=\"25\" height=\"25\" class=\"wp-image-324\" style=\"width: 25px;\" src=\"http:\/\/develop.docbarcelona.com\/pablotoral\/wp-content\/uploads\/2020\/07\/whatsapp.png\" alt=\"\"><\/a><\/p>\n\n\n\n<div style=\"height:50px\" aria-hidden=\"true\" class=\"wp-block-spacer\"><\/div>\n<\/div><\/div>\n\n\n\n<div style=\"height:38px\" aria-hidden=\"true\" class=\"wp-block-spacer\"><\/div>\n\n\n\n<div class=\"wp-block-group max-width\"><div class=\"wp-block-group__inner-container is-layout-flow wp-block-group-is-layout-flow\">\n<h2 class=\"wp-block-heading\"><strong>Osteopatia<\/strong><\/h2>\n\n\n\n<p class=\"has-medium-font-size\">L\u2019osteopatia \u00e9s un m\u00e8tode de diagn\u00f2stic i tractament que utilitza manipulacions exercides directament sobre el pacient, amb l\u2019objectiu de restablir la mobilitat d\u2019ossos, articulacions, teixits tous, i per tant \u00f2rgans, ja que en el nostre cos moltes d\u2019aquestes estructures estan relacionades entre elles.<\/p>\n\n\n\n<p class=\"has-medium-font-size\">Podem diferenciar tres camps de tractament osteop\u00e0tic:<\/p>\n\n\n\n<div class=\"wp-block-columns is-layout-flex wp-container-core-columns-is-layout-2 wp-block-columns-is-layout-flex\">\n<div class=\"wp-block-column is-layout-flow wp-block-column-is-layout-flow\">\n<p class=\"line-top has-medium-font-size\"><strong>Estructural<\/strong><\/p>\n\n\n\n<p>Eliminem les restriccions de mobilitat articular i muscular m\u00e9s comunes. Millorem l\u2019equilibri i el bon funcionament del nostre sistema m\u00fascul esquel\u00e8tic.<\/p>\n<\/div>\n\n\n\n<div class=\"wp-block-column is-layout-flow wp-block-column-is-layout-flow\">\n<p class=\"line-top has-medium-font-size\"><strong>Visceral<\/strong><\/p>\n\n\n\n<p>Amb l\u2019osteopatia visceral treballem directament sobre alguns dels nostres \u00f2rgans i els teixits que els envolten tractant aix\u00ed afecciones tan comunes com ara l\u2019estrenyiment, h\u00e8rnies, reflux estomacal, dolor menstrual, \u2026<\/p>\n<\/div>\n<\/div>\n\n\n\n<div class=\"wp-block-columns is-layout-flex wp-container-core-columns-is-layout-3 wp-block-columns-is-layout-flex\">\n<div class=\"wp-block-column is-layout-flow wp-block-column-is-layout-flow\">\n<p class=\"line-top has-medium-font-size\"><strong>Craneal o craniosacra<\/strong><\/p>\n\n\n\n<p>Aquesta t\u00e8cnica est\u00e0 basada en els moviments de les sutures cranials i de la fluctuaci\u00f3 del l\u00edquid cefalorraquidi. Consisteix en una pressi\u00f3 molt lleu amb les mans que permet tractar dol\u00e8ncies como les migranyes, mals de cap, sinusitis, antigues lesions per traumatisme o equilibri del sistema nervi\u00f3s, entre d\u2019altres.<\/p>\n<\/div>\n\n\n\n<div class=\"wp-block-column is-layout-flow wp-block-column-is-layout-flow\"><\/div>\n<\/div>\n\n\n\n<div style=\"height:29px\" aria-hidden=\"true\" class=\"wp-block-spacer\"><\/div>\n\n\n\n<p class=\"has-medium-font-size\">El oste\u00f2pata est\u00e0 capacitat per, en cada cas, saber quines t\u00e8cniques utilitzar i com combinar-les per cuidar el pacient i aix\u00ed, ajudar l\u2019organisme a trobar l\u2019equilibri en les seves funcions.<\/p>\n\n\n\n<div style=\"height:30px\" aria-hidden=\"true\" class=\"wp-block-spacer\"><\/div>\n\n\n\n<h2 class=\"wp-block-heading\"><strong>Quiromassatge<\/strong><\/h2>\n\n\n\n<p class=\"has-medium-font-size\">El quiromassatge \u00e9s una t\u00e8cnica terap\u00e8utica manual destinada a proporcionar mobilitat als teixits i articulacions del cos amb la finalitat d\u2019afavorir el correcte funcionament del nostre organisme:<\/p>\n\n\n\n<div class=\"wp-block-columns is-layout-flex wp-container-core-columns-is-layout-4 wp-block-columns-is-layout-flex\">\n<div class=\"wp-block-column is-layout-flow wp-block-column-is-layout-flow\">\n<p class=\"line-top has-medium-font-size\"><strong><strong>Recuperaci\u00f3<\/strong><\/strong><\/p>\n\n\n\n<p>Vascularitza la zona del massatge estimulant la recuperaci\u00f3 dels teixits afectats per lesions cr\u00f2niques i agudes.<\/p>\n<\/div>\n\n\n\n<div class=\"wp-block-column is-layout-flow wp-block-column-is-layout-flow\">\n<p class=\"line-top has-medium-font-size\"><strong><strong>Sistema immunol\u00f2gic<\/strong><\/strong><\/p>\n\n\n\n<p>Estimula la circulaci\u00f3 limf\u00e0tica, que exerceix un paper molt important en el nostre sistema immunitari.<\/p>\n<\/div>\n<\/div>\n\n\n\n<div class=\"wp-block-columns is-layout-flex wp-container-core-columns-is-layout-5 wp-block-columns-is-layout-flex\">\n<div class=\"wp-block-column is-layout-flow wp-block-column-is-layout-flow\">\n<p class=\"line-top has-medium-font-size\"><strong><strong>Articulacions<\/strong><\/strong><\/p>\n\n\n\n<p>Moviliza las articulaciones y ayuda a nutrirlas para aliviar el posible desgaste de las mismas, mejorando los s\u00edntomas causados por patolog\u00edas como las artrosis o las artritis reumatoides.<\/p>\n<\/div>\n\n\n\n<div class=\"wp-block-column is-layout-flow wp-block-column-is-layout-flow\">\n<p class=\"line-top has-medium-font-size\"><strong>Estr\u00e9s y salut<\/strong><\/p>\n\n\n\n<p>Alleugera les tensions musculars produ\u00efdes per sobreesfor\u00e7os o en la majoria de casos, per q\u00fcestions tensionals i d\u2019estr\u00e8s. El quiromassatge t\u00e9 un gran efecte analg\u00e8sic i calmant sobre la persona.<\/p>\n<\/div>\n<\/div>\n\n\n\n<div class=\"wp-block-columns is-layout-flex wp-container-core-columns-is-layout-6 wp-block-columns-is-layout-flex\">\n<div class=\"wp-block-column is-layout-flow wp-block-column-is-layout-flow\">\n<p class=\"line-top has-medium-font-size\"><strong><strong>Funcions org\u00e0niques<\/strong><\/strong><\/p>\n\n\n\n<p>Regula el funcionament de les funcions org\u00e0niques b\u00e0siques, com per exemple les del sistema digestiu, sistema respiratori, cicles del son \u2026<\/p>\n<\/div>\n\n\n\n<div class=\"wp-block-column is-layout-flow wp-block-column-is-layout-flow\"><\/div>\n<\/div>\n\n\n\n<div style=\"height:46px\" aria-hidden=\"true\" class=\"wp-block-spacer\"><\/div>\n\n\n\n<p class=\"has-text-align-center has-large-font-size\">Tots els procediments s\u2019exerceixen sobre el pacient de manera no invasiva i no agressiva.<\/p>\n\n\n\n<div style=\"height:67px\" aria-hidden=\"true\" class=\"wp-block-spacer\"><\/div>\n<\/div><\/div>\n\n\n\n<div class=\"wp-block-group has-background\" style=\"background-color:#ffffff\"><div class=\"wp-block-group__inner-container is-layout-flow wp-block-group-is-layout-flow\">\n<div style=\"height:50px\" aria-hidden=\"true\" class=\"wp-block-spacer\"><\/div>\n\n\n\n<p class=\"has-text-align-center no-margin has-medium-font-size\">Truca per a m\u00e9s informaci\u00f3 o concertar una cita<\/p>\n\n\n\n<div style=\"height:20px\" aria-hidden=\"true\" class=\"wp-block-spacer\"><\/div>\n\n\n\n<p class=\"has-text-align-center no-margin has-huge-font-size\">610 091 385<\/p>\n\n\n\n<div style=\"height:20px\" aria-hidden=\"true\" class=\"wp-block-spacer\"><\/div>\n\n\n\n<p class=\"has-text-align-center no-margin align-icon button-link has-medium-font-size\"><a rel=\"noreferrer noopener\" href=\"https:\/\/wa.me\/34610091385\" target=\"_blank\">Envia&#8217;m un whatsapp  <img loading=\"lazy\" decoding=\"async\" width=\"25\" height=\"25\" class=\"wp-image-324\" style=\"width: 25px;\" src=\"http:\/\/develop.docbarcelona.com\/pablotoral\/wp-content\/uploads\/2020\/07\/whatsapp.png\" alt=\"\"><\/a><\/p>\n\n\n\n<div style=\"height:50px\" aria-hidden=\"true\" class=\"wp-block-spacer\"><\/div>\n<\/div><\/div>\n\n\n\n<div style=\"height:100px\" aria-hidden=\"true\" class=\"wp-block-spacer\"><\/div>\n\n\n\n<p class=\"has-text-align-center button-link\"><a href=\"http:\/\/pablotoral.com\/contacte\/\">Demana una cita<\/a><\/p>\n\n\n\n<div style=\"height:160px\" aria-hidden=\"true\" class=\"wp-block-spacer\"><\/div>\n","protected":false},"excerpt":{"rendered":"<p>Osteopatia&nbsp;i&nbsp; quiromassatgea Matar\u00f3 Titulat en Osteopatia pel Heilpraktiker Institut i quiromassatgista amb llarga experi\u00e8ncia en ter\u00e0pies [&hellip;]<\/p>\n","protected":false},"author":1,"featured_media":0,"parent":0,"menu_order":0,"comment_status":"closed","ping_status":"closed","template":"","meta":{"inline_featured_image":false,"footnotes":""},"_links":{"self":[{"href":"https:\/\/pablotoral.com\/ca\/wp-json\/wp\/v2\/pages\/6"}],"collection":[{"href":"https:\/\/pablotoral.com\/ca\/wp-json\/wp\/v2\/pages"}],"about":[{"href":"https:\/\/pablotoral.com\/ca\/wp-json\/wp\/v2\/types\/page"}],"author":[{"embeddable":true,"href":"https:\/\/pablotoral.com\/ca\/wp-json\/wp\/v2\/users\/1"}],"replies":[{"embeddable":true,"href":"https:\/\/pablotoral.com\/ca\/wp-json\/wp\/v2\/comments?post=6"}],"version-history":[{"count":83,"href":"https:\/\/pablotoral.com\/ca\/wp-json\/wp\/v2\/pages\/6\/revisions"}],"predecessor-version":[{"id":461,"href":"https:\/\/pablotoral.com\/ca\/wp-json\/wp\/v2\/pages\/6\/revisions\/461"}],"wp:attachment":[{"href":"https:\/\/pablotoral.com\/ca\/wp-json\/wp\/v2\/media?parent=6"}],"curies":[{"name":"wp","href":"https:\/\/api.w.org\/{rel}","templated":true}]}}